{"id":1411,"date":"2018-01-24T15:12:36","date_gmt":"2018-01-24T13:12:36","guid":{"rendered":"https:\/\/www.mas-de-gigaro.eu\/?page_id=1411"},"modified":"2018-01-24T15:13:27","modified_gmt":"2018-01-24T13:13:27","slug":"imprint","status":"publish","type":"page","link":"https:\/\/www.mas-de-gigaro.eu\/en\/imprint\/","title":{"rendered":"Imprint"},"content":{"rendered":"<h2>Angaben gem\u00e4\u00df \u00a7 5 TMG:<\/h2>\n<p>Matthias Caesar<br \/>\nIm Papenkamp 20<br \/>\n44267 Dortmund<\/p>\n<h2>Contact:<\/h2>\n<p>Telefon: +49 231 4757883<br \/>\nE-Mail: urlaub@mas-de-gigaro.eu<\/p>\n<h2>Responsible according to \u00a7 55 Sec. 2<br \/>\nRStV:<\/h2>\n<p>Matthias Caesar<br \/>\nIm Papenkamp 20<br \/>\n44267 Dortmund<\/p>\n<h2>Sources:<\/h2>\n<ul>\n<li><a href=\"https:\/\/pixabay.com\/\" target=\"_blank\" rel=\"noopener\"><img loading=\"lazy\" decoding=\"async\" class=\"alignnone\" src=\"https:\/\/pixabay.com\/static\/img\/logo.png\" alt=\"pixabay\" width=\"135\" height=\"26\" \/><\/a><\/li>\n<li>Matthias Caesar &amp; Ilona Johnsson<\/li>\n<\/ul>\n<h2>Haftung f\u00fcr Inhalte<\/h2>\n<p>Als Diensteanbieter sind wir gem\u00e4\u00df \u00a7 7 Abs.1 TMG f\u00fcr<br \/>\neigene Inhalte auf diesen Seiten nach den allgemeinen Gesetzen verantwortlich. Nach \u00a7\u00a7 8 bis<br \/>\n10 TMG sind wir als Diensteanbieter jedoch nicht verpflichtet, \u00fcbermittelte oder gespeicherte fremde<br \/>\nInformationen zu \u00fcberwachen oder nach Umst\u00e4nden zu forschen, die auf eine rechtswidrige<br \/>\nT\u00e4tigkeit hinweisen.<\/p>\n<p>Verpflichtungen zur Entfernung oder Sperrung der Nutzung von<br \/>\nInformationen nach den allgemeinen Gesetzen bleiben hiervon unber\u00fchrt. Eine diesbez\u00fcgliche<br \/>\nHaftung ist jedoch erst ab dem Zeitpunkt der Kenntnis einer konkreten Rechtsverletzung m\u00f6glich.<br \/>\nBei Bekanntwerden von entsprechenden Rechtsverletzungen werden wir diese Inhalte umgehend<br \/>\nentfernen.<\/p>\n<h2>Haftung f\u00fcr Links<\/h2>\n<p>Unser Angebot enth\u00e4lt Links zu externen<br \/>\nWebseiten Dritter, auf deren Inhalte wir keinen Einfluss haben. Deshalb k\u00f6nnen wir f\u00fcr diese<br \/>\nfremden Inhalte auch keine Gew\u00e4hr \u00fcbernehmen. F\u00fcr die Inhalte der verlinkten Seiten ist<br \/>\nstets der jeweilige Anbieter oder Betreiber der Seiten verantwortlich. Die verlinkten Seiten wurden zum<br \/>\nZeitpunkt der Verlinkung auf m\u00f6gliche Rechtsverst\u00f6\u00dfe \u00fcberpr\u00fcft.<br \/>\nRechtswidrige Inhalte waren zum Zeitpunkt der Verlinkung nicht erkennbar.<\/p>\n<p>Eine permanente<br \/>\ninhaltliche Kontrolle der verlinkten Seiten ist jedoch ohne konkrete Anhaltspunkte einer Rechtsverletzung<br \/>\nnicht zumutbar. Bei Bekanntwerden von Rechtsverletzungen werden wir derartige Links umgehend<br \/>\nentfernen.<\/p>\n<h2>Urheberrecht<\/h2>\n<p>Die durch die Seitenbetreiber erstellten Inhalte und Werke auf<br \/>\ndiesen Seiten unterliegen dem deutschen Urheberrecht. Die Vervielf\u00e4ltigung, Bearbeitung,<br \/>\nVerbreitung und jede Art der Verwertung au\u00dferhalb der Grenzen des Urheberrechtes bed\u00fcrfen<br \/>\nder schriftlichen Zustimmung des jeweiligen Autors bzw. Erstellers. Downloads und Kopien dieser Seite<br \/>\nsind nur f\u00fcr den privaten, nicht kommerziellen Gebrauch gestattet.<\/p>\n<p>Soweit die Inhalte auf<br \/>\ndieser Seite nicht vom Betreiber erstellt wurden, werden die Urheberrechte Dritter beachtet. Insbesondere<br \/>\nwerden Inhalte Dritter als solche gekennzeichnet. Sollten Sie trotzdem auf eine Urheberrechtsverletzung<br \/>\naufmerksam werden, bitten wir um einen entsprechenden Hinweis. Bei Bekanntwerden von<br \/>\nRechtsverletzungen werden wir derartige Inhalte umgehend entfernen.<\/p>\n<p>Quelle: <a href=\"https:\/\/www.e-recht24.de\">e-recht24.de<\/a><\/p>\n<h1>Datenschutzerkl\u00e4rung<\/h1>\n<h2>Datenschutz<\/h2>\n<p>Die Betreiber dieser Seiten nehmen<br \/>\nden Schutz Ihrer pers\u00f6nlichen Daten sehr ernst. Wir behandeln Ihre personenbezogenen Daten<br \/>\nvertraulich und entsprechend der gesetzlichen Datenschutzvorschriften sowie dieser<br \/>\nDatenschutzerkl\u00e4rung.<\/p>\n<p>Die Nutzung unserer Webseite ist in der Regel ohne Angabe<br \/>\npersonenbezogener Daten m\u00f6glich. Soweit auf unseren Seiten personenbezogene Daten<br \/>\n(beispielsweise Name, Anschrift oder E-Mail-Adressen) erhoben werden, erfolgt dies, soweit<br \/>\nm\u00f6glich, stets auf freiwilliger Basis. Diese Daten werden ohne Ihre ausdr\u00fcckliche Zustimmung<br \/>\nnicht an Dritte weitergegeben.<\/p>\n<p>Wir weisen darauf hin, dass die Daten\u00fcbertragung im Internet<br \/>\n(z.B. bei der Kommunikation per E-Mail) Sicherheitsl\u00fccken aufweisen kann. Ein l\u00fcckenloser<br \/>\nSchutz der Daten vor dem Zugriff durch Dritte ist nicht m\u00f6glich.<\/p>\n<p>&nbsp;<\/p>\n<h2>Cookies<\/h2>\n<p>Die Internetseiten verwenden teilweise so genannte Cookies. Cookies richten auf Ihrem<br \/>\nRechner keinen Schaden an und enthalten keine Viren. Cookies dienen dazu, unser Angebot<br \/>\nnutzerfreundlicher, effektiver und sicherer zu machen. Cookies sind kleine Textdateien, die auf Ihrem<br \/>\nRechner abgelegt werden und die Ihr Browser speichert.<\/p>\n<p>Die meisten der von uns verwendeten<br \/>\nCookies sind so genannte \u201eSession-Cookies\u201c. Sie werden nach Ende Ihres Besuchs automatisch<br \/>\ngel\u00f6scht. Andere Cookies bleiben auf Ihrem Endger\u00e4t gespeichert, bis Sie diese l\u00f6schen.<br \/>\nDiese Cookies erm\u00f6glichen es uns, Ihren Browser beim n\u00e4chsten Besuch<br \/>\nwiederzuerkennen.<\/p>\n<p>Sie k\u00f6nnen Ihren Browser so einstellen, dass Sie \u00fcber das Setzen<br \/>\nvon Cookies informiert werden und Cookies nur im Einzelfall erlauben, die Annahme von Cookies f\u00fcr<br \/>\nbestimmte F\u00e4lle oder generell ausschlie\u00dfen sowie das automatische L\u00f6schen der<br \/>\nCookies beim Schlie\u00dfen des Browser aktivieren. Bei der Deaktivierung von Cookies kann die<br \/>\nFunktionalit\u00e4t dieser Website eingeschr\u00e4nkt sein.<\/p>\n<p>&nbsp;<\/p>\n<h2>Server-Log-<br \/>\nFiles<\/h2>\n<p>Der Provider der Seiten erhebt und speichert automatisch Informationen in so genannten<br \/>\nServer-Log Files, die Ihr Browser automatisch an uns \u00fcbermittelt. Dies sind:<\/p>\n<ul>\n<li>Browsertyp und Browserversion<\/li>\n<li>verwendetes Betriebssystem<\/li>\n<li>Referrer URL<\/li>\n<li>Hostname des zugreifenden Rechners<\/li>\n<li>Uhrzeit der Serveranfrage<\/li>\n<\/ul>\n<p>Diese Daten sind<br \/>\nnicht bestimmten Personen zuordenbar. Eine Zusammenf\u00fchrung dieser Daten mit anderen<br \/>\nDatenquellen wird nicht vorgenommen. Wir behalten uns vor, diese Daten nachtr\u00e4glich zu<br \/>\npr\u00fcfen, wenn uns konkrete Anhaltspunkte f\u00fcr eine rechtswidrige Nutzung bekannt werden.<\/p>\n<p>&nbsp;<\/p>\n<h2>Kontaktformular<\/h2>\n<p>Wenn Sie uns per Kontaktformular Anfragen zukommen<br \/>\nlassen, werden Ihre Angaben aus dem Anfrageformular inklusive der von Ihnen dort angegebenen<br \/>\nKontaktdaten zwecks Bearbeitung der Anfrage und f\u00fcr den Fall von Anschlussfragen bei uns<br \/>\ngespeichert. Diese Daten geben wir nicht ohne Ihre Einwilligung weiter.<\/p>\n<p>&nbsp;<\/p>\n<h2>Google<br \/>\nAnalytics<\/h2>\n<p>Diese Website nutzt Funktionen des Webanalysedienstes Google Analytics. Anbieter<br \/>\nist die Google Inc., 1600 Amphitheatre Parkway Mountain View, CA 94043, USA.<\/p>\n<p>Google<br \/>\nAnalytics verwendet so genannte &#8220;Cookies&#8221;. Das sind Textdateien, die auf Ihrem Computer<br \/>\ngespeichert werden und die eine Analyse der Benutzung der Website durch Sie erm\u00f6glichen. Die<br \/>\ndurch den Cookie erzeugten Informationen \u00fcber Ihre Benutzung dieser Website werden in der Regel<br \/>\nan einen Server von Google in den USA \u00fcbertragen und dort gespeichert.<\/p>\n<p><strong>Browser<br \/>\nPlugin<\/strong><\/p>\n<p>Sie k\u00f6nnen die Speicherung der Cookies durch eine entsprechende<br \/>\nEinstellung Ihrer Browser-Software verhindern; wir weisen Sie jedoch darauf hin, dass Sie in diesem Fall<br \/>\ngegebenenfalls nicht s\u00e4mtliche Funktionen dieser Website vollumf\u00e4nglich werden nutzen<br \/>\nk\u00f6nnen. Sie k\u00f6nnen dar\u00fcber hinaus die Erfassung der durch den Cookie erzeugten und<br \/>\nauf Ihre Nutzung der Website bezogenen Daten (inkl. Ihrer IP-Adresse) an Google sowie die Verarbeitung<br \/>\ndieser Daten durch Google verhindern, indem Sie das unter dem folgenden Link verf\u00fcgbare Browser-<br \/>\nPlugin herunterladen und installieren: <a href=\"https:\/\/tools.google.com\/dlpage\/gaoptout?hl=de\"><br \/>\nhttps:\/\/tools.google.com\/dlpage\/gaoptout?hl=de<\/a><\/p>\n<p><strong>Widerspruch gegen<br \/>\nDatenerfassung<\/strong><\/p>\n<p>Sie k\u00f6nnen die Erfassung Ihrer Daten durch Google Analytics<br \/>\nverhindern, indem Sie auf folgenden Link klicken. Es wird ein Opt-Out-Cookie gesetzt, der die Erfassung<br \/>\nIhrer Daten bei zuk\u00fcnftigen Besuchen dieser Website verhindert: <a><br \/>\nGoogle Analytics deaktivieren<\/a><\/p>\n<p>Mehr Informationen zum Umgang mit Nutzerdaten bei Google<br \/>\nAnalytics finden Sie in der Datenschutzerkl\u00e4rung von Google: <a href=\"https:\/\/support.google.com\/analytics\/answer\/6004245?hl=de\"><br \/>\nhttps:\/\/support.google.com\/analytics\/answer\/6004245?hl=de<\/a><\/p>\n<p>&nbsp;<\/p>\n<h2>Kommentarfunktion auf dieser Webseite<\/h2>\n<p>F\u00fcr die Kommentarfunktion auf dieser Seite<br \/>\nwerden neben Ihrem Kommentar auch Angaben zum Zeitpunkt der Erstellung des Kommentars, Ihre EMail-<br \/>\nAdresse und, wenn Sie nicht anonym posten, der von Ihnen gew\u00e4hlte Nutzername<br \/>\ngespeichert.<\/p>\n<p><strong>Speicherung der IP Adresse<\/strong><\/p>\n<p>Unsere Kommentarfunktion<br \/>\nspeichert die IP-Adressen der Nutzer, die Kommentare verfassen. Da wir Kommentare auf unserer Seite<br \/>\nnicht vor der Freischaltung pr\u00fcfen, ben\u00f6tigen wir diese Daten, um im Falle von<br \/>\nRechtsverletzungen wie Beleidigungen oder Propaganda gegen den Verfasser vorgehen zu<br \/>\nk\u00f6nnen.<\/p>\n<p><strong>Abonnieren von Kommentaren<\/strong><\/p>\n<p>Als Nutzer der Seite<br \/>\nk\u00f6nnen Sie nach einer Anmeldung Kommentare abonnieren. Sie erhalten eine<br \/>\nBest\u00e4tigungsemail, um zu pr\u00fcfen, ob Sie der Inhaber der angegebenen E-Mail-Adresse sind.<br \/>\nSie k\u00f6nnen diese Funktion jederzeit \u00fcber einen Link in den Info-Mails abbestellen.<\/p>\n<p>&nbsp;<\/p>\n<h2>SSL-Verschl\u00fcsselung<\/h2>\n<p>Diese Seite nutzt aus Gr\u00fcnden der Sicherheit<br \/>\nund zum Schutz der \u00dcbertragung vertraulicher Inhalte, wie zum Beispiel der Anfragen, die Sie an<br \/>\nuns als Seitenbetreiber senden, eine SSL-Verschl\u00fcsselung. Eine verschl\u00fcsselte Verbindung<br \/>\nerkennen Sie daran, dass die Adresszeile des Browsers von &#8220;http:\/\/&#8221; auf &#8220;https:\/\/&#8221;<br \/>\nwechselt und an dem Schloss-Symbol in Ihrer Browserzeile.<\/p>\n<p>Wenn die SSL<br \/>\nVerschl\u00fcsselung aktiviert ist, k\u00f6nnen die Daten, die Sie an uns \u00fcbermitteln, nicht von<br \/>\nDritten mitgelesen werden.<\/p>\n<p>&nbsp;<\/p>\n<h2>Recht auf Auskunft, L\u00f6schung, Sperrung<\/h2>\n<p>Sie haben jederzeit das Recht auf unentgeltliche Auskunft \u00fcber Ihre gespeicherten<br \/>\npersonenbezogenen Daten, deren Herkunft und Empf\u00e4nger und den Zweck der Datenverarbeitung<br \/>\nsowie ein Recht auf Berichtigung, Sperrung oder L\u00f6schung dieser Daten. Hierzu sowie zu weiteren<br \/>\nFragen zum Thema personenbezogene Daten k\u00f6nnen Sie sich jederzeit unter der im Impressum<br \/>\nangegebenen Adresse an uns wenden.<\/p>\n<p>&nbsp;<\/p>\n<h2>Widerspruch Werbe-Mails<\/h2>\n<p>Der<br \/>\nNutzung von im Rahmen der Impressumspflicht ver\u00f6ffentlichten Kontaktdaten zur<br \/>\n\u00dcbersendung von nicht ausdr\u00fccklich angeforderter Werbung und Informationsmaterialien wird<br \/>\nhiermit widersprochen. Die Betreiber der Seiten behalten sich ausdr\u00fccklich rechtliche Schritte im<br \/>\nFalle der unverlangten Zusendung von Werbeinformationen, etwa durch Spam-E-Mails, vor.<\/p>\n<p>&nbsp;<\/p>\n<p>Quelle: <a href=\"https:\/\/www.e-recht24.de\/muster-datenschutzerklaerung.html\"><br \/>\nhttps:\/\/www.e-recht24.de\/muster-datenschutzerklaerung.html<\/a><\/p>\n","protected":false},"excerpt":{"rendered":"<p>Angaben gem\u00e4\u00df \u00a7 5 TMG: Matthias Caesar Im Papenkamp 20 44267 Dortmund Contact: Telefon: +49 231 4757883 E-Mail: urlaub@mas-de-gigaro.eu Responsible according to \u00a7 55 Sec. 2 RStV: Matthias Caesar Im Papenkamp 20 44267 Dortmund Sources: Matthias Caesar &amp; Ilona Johnsson Haftung f\u00fcr Inhalte Als Diensteanbieter sind wir gem\u00e4\u00df \u00a7 7 Abs.1 TMG f\u00fcr eigene Inhalte&#8230; <\/p>\n<div class=\"link-more\"><a href=\"https:\/\/www.mas-de-gigaro.eu\/en\/imprint\/\">Read More<\/a><\/div>\n","protected":false},"author":1,"featured_media":1398,"parent":0,"menu_order":0,"comment_status":"closed","ping_status":"closed","template":"","meta":{"jetpack_post_was_ever_published":false,"_locale":"en_US","_original_post":"1392","footnotes":""},"class_list":["post-1411","page","type-page","status-publish","has-post-thumbnail","hentry","en-US"],"acf":[],"yoast_head":"<!-- This site is optimized with the Yoast SEO plugin v20.8 - https:\/\/yoast.com\/wordpress\/plugins\/seo\/ -->\n<title>Imprint - Mas de Gigaro 114b<\/title>\n<meta name=\"robots\" content=\"index, follow, max-snippet:-1, max-image-preview:large, max-video-preview:-1\" \/>\n<link rel=\"canonical\" href=\"https:\/\/www.mas-de-gigaro.eu\/en\/imprint\/\" \/>\n<meta property=\"og:locale\" content=\"en_US\" \/>\n<meta property=\"og:type\" content=\"article\" \/>\n<meta property=\"og:title\" content=\"Imprint - Mas de Gigaro 114b\" \/>\n<meta property=\"og:description\" content=\"Impressum Angaben gem\u00e4\u00df \u00a7 5 TMG: Matthias Caesar Im Papenkamp 20 44267 Dortmund Kontakt: Telefon: +49 231 4757883 E-Mail: urlaub@mas-de-gigaro.eu Verantwortlich f\u00fcr den Inhalt nach \u00a7 55 Abs. 2 RStV: Matthias Caesar Im Papenkamp 20 44267 Dortmund Haftung f\u00fcr Inhalte Als Diensteanbieter sind wir gem\u00e4\u00df \u00a7 7 Abs.1 TMG f\u00fcr eigene Inhalte auf diesen Seiten... Weiterlesen\" \/>\n<meta property=\"og:url\" content=\"https:\/\/www.mas-de-gigaro.eu\/en\/imprint\/\" \/>\n<meta property=\"og:site_name\" content=\"Mas de Gigaro 114b\" \/>\n<meta property=\"article:modified_time\" content=\"2018-01-24T13:13:27+00:00\" \/>\n<meta property=\"og:image\" content=\"https:\/\/www.mas-de-gigaro.eu\/wp-content\/uploads\/2018\/01\/imprint-1213043_19201.jpg\" \/>\n\t<meta property=\"og:image:width\" content=\"1920\" \/>\n\t<meta property=\"og:image:height\" content=\"1278\" \/>\n\t<meta property=\"og:image:type\" content=\"image\/jpeg\" \/>\n<meta name=\"twitter:card\" content=\"summary_large_image\" \/>\n<meta name=\"twitter:label1\" content=\"Est. reading time\" \/>\n\t<meta name=\"twitter:data1\" content=\"6 minutes\" \/>\n<script type=\"application\/ld+json\" class=\"yoast-schema-graph\">{\"@context\":\"https:\/\/schema.org\",\"@graph\":[{\"@type\":\"WebPage\",\"@id\":\"https:\/\/www.mas-de-gigaro.eu\/en\/imprint\/\",\"url\":\"https:\/\/www.mas-de-gigaro.eu\/en\/imprint\/\",\"name\":\"Imprint - Mas de Gigaro 114b\",\"isPartOf\":{\"@id\":\"https:\/\/www.mas-de-gigaro.eu\/#website\"},\"datePublished\":\"2018-01-24T13:12:36+00:00\",\"dateModified\":\"2018-01-24T13:13:27+00:00\",\"breadcrumb\":{\"@id\":\"https:\/\/www.mas-de-gigaro.eu\/en\/imprint\/#breadcrumb\"},\"inLanguage\":\"en-US\",\"potentialAction\":[{\"@type\":\"ReadAction\",\"target\":[\"https:\/\/www.mas-de-gigaro.eu\/en\/imprint\/\"]}]},{\"@type\":\"BreadcrumbList\",\"@id\":\"https:\/\/www.mas-de-gigaro.eu\/en\/imprint\/#breadcrumb\",\"itemListElement\":[{\"@type\":\"ListItem\",\"position\":1,\"name\":\"Home\",\"item\":\"https:\/\/www.mas-de-gigaro.eu\/en\/\"},{\"@type\":\"ListItem\",\"position\":2,\"name\":\"Imprint\"}]},{\"@type\":\"WebSite\",\"@id\":\"https:\/\/www.mas-de-gigaro.eu\/#website\",\"url\":\"https:\/\/www.mas-de-gigaro.eu\/\",\"name\":\"Mas de Gigaro 114b\",\"description\":\"Ferien an der Cote d&#039;Azur\",\"publisher\":{\"@id\":\"https:\/\/www.mas-de-gigaro.eu\/#\/schema\/person\/5186c5546fe8d32fe6ffc1b50317358c\"},\"potentialAction\":[{\"@type\":\"SearchAction\",\"target\":{\"@type\":\"EntryPoint\",\"urlTemplate\":\"https:\/\/www.mas-de-gigaro.eu\/?s={search_term_string}\"},\"query-input\":\"required name=search_term_string\"}],\"inLanguage\":\"en-US\"},{\"@type\":[\"Person\",\"Organization\"],\"@id\":\"https:\/\/www.mas-de-gigaro.eu\/#\/schema\/person\/5186c5546fe8d32fe6ffc1b50317358c\",\"name\":\"Mas114\",\"image\":{\"@type\":\"ImageObject\",\"inLanguage\":\"en-US\",\"@id\":\"https:\/\/www.mas-de-gigaro.eu\/#\/schema\/person\/image\/\",\"url\":\"https:\/\/www.mas-de-gigaro.eu\/wp-content\/uploads\/2018\/01\/JOHNSSON-CAESAR_small.jpg\",\"contentUrl\":\"https:\/\/www.mas-de-gigaro.eu\/wp-content\/uploads\/2018\/01\/JOHNSSON-CAESAR_small.jpg\",\"width\":182,\"height\":254,\"caption\":\"Mas114\"},\"logo\":{\"@id\":\"https:\/\/www.mas-de-gigaro.eu\/#\/schema\/person\/image\/\"}}]}<\/script>\n<!-- \/ Yoast SEO plugin. -->","yoast_head_json":{"title":"Imprint - Mas de Gigaro 114b","robots":{"index":"index","follow":"follow","max-snippet":"max-snippet:-1","max-image-preview":"max-image-preview:large","max-video-preview":"max-video-preview:-1"},"canonical":"https:\/\/www.mas-de-gigaro.eu\/en\/imprint\/","og_locale":"en_US","og_type":"article","og_title":"Imprint - Mas de Gigaro 114b","og_description":"Impressum Angaben gem\u00e4\u00df \u00a7 5 TMG: Matthias Caesar Im Papenkamp 20 44267 Dortmund Kontakt: Telefon: +49 231 4757883 E-Mail: urlaub@mas-de-gigaro.eu Verantwortlich f\u00fcr den Inhalt nach \u00a7 55 Abs. 2 RStV: Matthias Caesar Im Papenkamp 20 44267 Dortmund Haftung f\u00fcr Inhalte Als Diensteanbieter sind wir gem\u00e4\u00df \u00a7 7 Abs.1 TMG f\u00fcr eigene Inhalte auf diesen Seiten... Weiterlesen","og_url":"https:\/\/www.mas-de-gigaro.eu\/en\/imprint\/","og_site_name":"Mas de Gigaro 114b","article_modified_time":"2018-01-24T13:13:27+00:00","og_image":[{"width":1920,"height":1278,"url":"https:\/\/www.mas-de-gigaro.eu\/wp-content\/uploads\/2018\/01\/imprint-1213043_19201.jpg","type":"image\/jpeg"}],"twitter_card":"summary_large_image","twitter_misc":{"Est. reading time":"6 minutes"},"schema":{"@context":"https:\/\/schema.org","@graph":[{"@type":"WebPage","@id":"https:\/\/www.mas-de-gigaro.eu\/en\/imprint\/","url":"https:\/\/www.mas-de-gigaro.eu\/en\/imprint\/","name":"Imprint - Mas de Gigaro 114b","isPartOf":{"@id":"https:\/\/www.mas-de-gigaro.eu\/#website"},"datePublished":"2018-01-24T13:12:36+00:00","dateModified":"2018-01-24T13:13:27+00:00","breadcrumb":{"@id":"https:\/\/www.mas-de-gigaro.eu\/en\/imprint\/#breadcrumb"},"inLanguage":"en-US","potentialAction":[{"@type":"ReadAction","target":["https:\/\/www.mas-de-gigaro.eu\/en\/imprint\/"]}]},{"@type":"BreadcrumbList","@id":"https:\/\/www.mas-de-gigaro.eu\/en\/imprint\/#breadcrumb","itemListElement":[{"@type":"ListItem","position":1,"name":"Home","item":"https:\/\/www.mas-de-gigaro.eu\/en\/"},{"@type":"ListItem","position":2,"name":"Imprint"}]},{"@type":"WebSite","@id":"https:\/\/www.mas-de-gigaro.eu\/#website","url":"https:\/\/www.mas-de-gigaro.eu\/","name":"Mas de Gigaro 114b","description":"Ferien an der Cote d&#039;Azur","publisher":{"@id":"https:\/\/www.mas-de-gigaro.eu\/#\/schema\/person\/5186c5546fe8d32fe6ffc1b50317358c"},"potentialAction":[{"@type":"SearchAction","target":{"@type":"EntryPoint","urlTemplate":"https:\/\/www.mas-de-gigaro.eu\/?s={search_term_string}"},"query-input":"required name=search_term_string"}],"inLanguage":"en-US"},{"@type":["Person","Organization"],"@id":"https:\/\/www.mas-de-gigaro.eu\/#\/schema\/person\/5186c5546fe8d32fe6ffc1b50317358c","name":"Mas114","image":{"@type":"ImageObject","inLanguage":"en-US","@id":"https:\/\/www.mas-de-gigaro.eu\/#\/schema\/person\/image\/","url":"https:\/\/www.mas-de-gigaro.eu\/wp-content\/uploads\/2018\/01\/JOHNSSON-CAESAR_small.jpg","contentUrl":"https:\/\/www.mas-de-gigaro.eu\/wp-content\/uploads\/2018\/01\/JOHNSSON-CAESAR_small.jpg","width":182,"height":254,"caption":"Mas114"},"logo":{"@id":"https:\/\/www.mas-de-gigaro.eu\/#\/schema\/person\/image\/"}}]}},"jetpack_sharing_enabled":true,"jetpack_shortlink":"https:\/\/wp.me\/P5SOQI-mL","_links":{"self":[{"href":"https:\/\/www.mas-de-gigaro.eu\/wp-json\/wp\/v2\/pages\/1411","targetHints":{"allow":["GET"]}}],"collection":[{"href":"https:\/\/www.mas-de-gigaro.eu\/wp-json\/wp\/v2\/pages"}],"about":[{"href":"https:\/\/www.mas-de-gigaro.eu\/wp-json\/wp\/v2\/types\/page"}],"author":[{"embeddable":true,"href":"https:\/\/www.mas-de-gigaro.eu\/wp-json\/wp\/v2\/users\/1"}],"replies":[{"embeddable":true,"href":"https:\/\/www.mas-de-gigaro.eu\/wp-json\/wp\/v2\/comments?post=1411"}],"version-history":[{"count":2,"href":"https:\/\/www.mas-de-gigaro.eu\/wp-json\/wp\/v2\/pages\/1411\/revisions"}],"predecessor-version":[{"id":1413,"href":"https:\/\/www.mas-de-gigaro.eu\/wp-json\/wp\/v2\/pages\/1411\/revisions\/1413"}],"wp:featuredmedia":[{"embeddable":true,"href":"https:\/\/www.mas-de-gigaro.eu\/wp-json\/wp\/v2\/media\/1398"}],"wp:attachment":[{"href":"https:\/\/www.mas-de-gigaro.eu\/wp-json\/wp\/v2\/media?parent=1411"}],"curies":[{"name":"wp","href":"https:\/\/api.w.org\/{rel}","templated":true}]}}